{"id":117,"date":"2020-07-31T23:45:04","date_gmt":"2020-07-31T23:45:04","guid":{"rendered":"http:\/\/www.josedemontfort.com\/?page_id=117"},"modified":"2021-09-18T10:04:04","modified_gmt":"2021-09-18T10:04:04","slug":"critica-literaria","status":"publish","type":"page","link":"https:\/\/www.josedemontfort.com\/index.php\/critica-literaria\/","title":{"rendered":"CR\u00cdTICA LITERARIA"},"content":{"rendered":"\n<p>\u00abDesierto Sonoro\u00bb, cr\u00edtica de la novela de<strong> Valeria Luiselli<\/strong> (Sexto Piso, 2019) Publicada el 24-octubre-2019 en <a href=\"https:\/\/www.revistaotraparte.com\/literatura-iberoamericana\/desierto-sonoro\/\">Otra Parte<\/a><\/p>\n\n\n\n<p>\u00abNeuros Aire\u00bb, cr\u00edtica del libro de <strong>Marc Caellas<\/strong> (Libros del Zorxal, 2020). Publicada el 12 de marzo de 2020 en <a href=\"https:\/\/www.revistaotraparte.com\/literatura-iberoamericana\/neuros-aires\/\">Otra Parte<\/a> <\/p>\n\n\n\n<p>\u00abEn los extramuros del mundo\u00bb, cr\u00edtica del poemario de E<strong>nrique Ver\u00e1stegui<\/strong> (Esto no es Berl\u00edn, 2019) publicada el 09 de julio del 2020 en <a href=\"https:\/\/www.revistaotraparte.com\/literatura-iberoamericana\/en-los-extramuros-del-mundo\/\">Otra Parte<\/a><\/p>\n\n\n\n<p>\u00abLinea nigra\u00bb, cr\u00edtica del libro de<strong> Jazmina Barrera<\/strong> (Pepitas de Calabaza, 2020), publicada el 09 de abril de 2020 en <a href=\"https:\/\/www.revistaotraparte.com\/literatura-iberoamericana\/linea-nigra\/\">Otra Parte<\/a><\/p>\n\n\n\n<p>\u00abLas madres no\u00bb, cr\u00edtica del libro de <strong>Katixa Agirre<\/strong> (Tr\u00e1nsito Editorial, 2019) publicada el 21 de mayo de 2020 en <a href=\"https:\/\/www.revistaotraparte.com\/literatura-iberoamericana\/las-madres-no\/\">Otra Parte<\/a><\/p>\n\n\n\n<p>\u00abUn coraz\u00f3n demasiado grande\u00bb, cr\u00edtica del libro de relatos de <strong>Eider Rodr\u00edguez <\/strong>(Random House, 2019) el 30 de enero de 2020 en <a href=\"https:\/\/www.revistaotraparte.com\/literatura-iberoamericana\/un-corazon-demasiado-grande\/\">Otra Parte<\/a><\/p>\n\n\n\n<p>\u00abCaballo sea la noche\u00bb, cr\u00edtica de la nouvelle de <strong>Alejandro Morell\u00f3n<\/strong> (Candaya, 2019) publicada el 05 de marzo de 2020 en <a href=\"https:\/\/www.revistaotraparte.com\/literatura-iberoamericana\/caballo-sea-la-noche\/\">Otra Parte<\/a><\/p>\n\n\n\n<p>\u00abC\u00f3mo ser famosa\u00bb, cr\u00edtica de la novela autobiogr\u00e1fica de <strong>Caitlin Moran<\/strong> (Anagrama, 2018) publicada en Mondo Sonoro el 03 de marzo de 2020 en <a href=\"https:\/\/www.mondosonoro.com\/criticas\/libros-novedades\/caitlin-moran-como-ser-famosa\/\">Mondo Sonoro<\/a>.<\/p>\n\n\n\n<p>\u00abContra Amazon\u00bb, cr\u00edtica del libro de cr\u00f3nicas y art\u00edculos de <strong>Jorge Carri\u00f3n<\/strong> (Galaxia Gutenberg, 2019) publicada el 17 de septiembre de 2019 en <a href=\"https:\/\/www.mondosonoro.com\/criticas\/libros-novedades\/jorge-carrion-contra-amazon\/\">Mondo Sonoro<\/a><\/p>\n\n\n\n<p>\u00abCu\u00e1ntos de los tuyos han muerto\u00bb, cr\u00edtica del libro de relatos de <strong>Eduardo Ruiz Sosa <\/strong>(Candaya, 2019) el 06 de septiembre de 2019 en <a href=\"https:\/\/www.mondosonoro.com\/criticas\/libros-novedades\/eduardo-ruiz-sosa-cuantos-de-los-tuyos-han-muerto\/\">Mondo Sonoro<\/a><\/p>\n\n\n\n<p><\/p>\n\n\n\n<p>\u00abAntes de que tir\u00e9is mis cosas\u00bb, rese\u00f1a del poemario de <strong>Violeta Gil<\/strong> (Arrebato Libros, 2019) publicada el 04 de mayo de 2019 en <a href=\"https:\/\/www.mondosonoro.com\/criticas\/libros-novedades\/antes-de-que-tireis-mis-cosas-violeta-gil\/\">Mondo Sonoro<\/a><\/p>\n\n\n\n<p>\u00abEn los extramuros del mundo\u00bb, rese\u00f1a del poemario del escritor Enrique Ver\u00e1stegui (Esto no es Berl\u00edn, 2019). Publicada el 09 de julio de 2020 en Otra Parte.<\/p>\n\n\n\n<p>\u00abEl tejido de las cosas\u00bb, rese\u00f1a de la novela debut de <strong>Lucas Vidaur <\/strong>(Libros Walden, 2020) publicada en 23 de agosto de 2020 en <a href=\"https:\/\/www.mondosonoro.com\/criticas\/libros-novedades\/el-tejido-de-las-cosas\/\">Mondo Sonoro<\/a>.<\/p>\n\n\n\n<p>\u00abPoeta chileno\u00bb, rese\u00f1a del libro del escritor chileno <strong>Alejandro Zambra<\/strong> (Anagrama, 2020), publicada el 03 de septiembre de 2012 en <a href=\"https:\/\/www.revistaotraparte.com\/literatura-iberoamericana\/poeta-chileno\/\">Otra Parte<\/a>.<\/p>\n\n\n\n<p>\u00abEl\u00e1stico de sombra\u00bb, rese\u00f1a de la novela del escritor colombiano <strong>Juan C\u00e1rdenas <\/strong>(Sexto Piso, 2020), publicada el 05 de noviembre de 2020 en la revista <a href=\"https:\/\/www.revistaotraparte.com\/literatura-iberoamericana\/elastico-de-sombra\/\">Otra Parte<\/a>.<\/p>\n\n\n\n<p>\u00abAntes de las cinco en casa\u00bb, rese\u00f1a de la novela del escritor catal\u00e1n <strong>Albert Forns<\/strong> (Destino, 2020), publicada el 04 de febrero en la revista <a href=\"https:\/\/www.revistaotraparte.com\/literatura-iberoamericana\/antes-de-las-cinco-en-casa\/\">Otra Parte<\/a>.<\/p>\n\n\n\n<p>\u00abJenisjoplin\u00bb, rese\u00f1a de la novela de la escritora vasca <strong>Uxue Alberdi <\/strong>(Consonni, 2020), publicada el 15 de abril en la revista <a href=\"https:\/\/www.revistaotraparte.com\/literatura-iberoamericana\/jenisjoplin\/\">Otra Parte<\/a>.<\/p>\n\n\n\n<p>\u00abKraut\u00bb, rese\u00f1a de la novela gr\u00e1fica del escritor holand\u00e9s <strong>Peter Pontiac <\/strong>(Fulgencio Pimentel, 2020). Publicado el 02 de mayo de 2021 en <a href=\"https:\/\/www.mondosonoro.com\/criticas\/comics\/kraut\/\">Mondosonoro<\/a>.<\/p>\n\n\n\n<p>\u00abClausewitz y yo\u00bb (Esto no es Berl\u00edn, 2020), de <strong>Carlos A. Aguilera<\/strong>. Publicada originalmente en <a href=\"https:\/\/www.revistaotraparte.com\/literatura-iberoamericana\/clausewitz-y-yo\/\">Otra Parte,<\/a> el 06 de mayo de 2021.<\/p>\n\n\n\n<p>\u00abEsta herida llena de peces\u00bb (Tr\u00e1nsito Editorial, 2021), de L<strong>orena Salazar<\/strong>. Publicada originalmente en <a href=\"https:\/\/www.revistaotraparte.com\/literatura-iberoamericana\/esta-herida-llena-de-peces\/\"><em>Otra Parte<\/em><\/a>, el 27 de mayo de 2021.<\/p>\n\n\n\n<p>\u00abCarrusel\u00bb (Barret Libros, 2021), de <strong>Berta D\u00e1vila<\/strong>. Publicada originalmente en <a href=\"https:\/\/www.mondosonoro.com\/criticas\/libros-novedades\/carrusel\/\">Mondo Sonoro<\/a> el 09 de junio de 2021<\/p>\n\n\n\n<p>\u00abX ha muerto\u00bb (Consonni, 2021), de <strong>Alaine Agirre<\/strong>. Publicada originalmente en <a href=\"https:\/\/www.revistaotraparte.com\/literatura-iberoamericana\/x-ha-muerto\/\">Otra Parte<\/a> el 09 de septiembre de 2021.<\/p>\n\n\n\n<p>\u00abLa escritura a la intemperie. Metamorfosis de la experiencia literaria y a lectura en la cultura digital\u00bb<em>  <\/em>(Universidad de Le\u00f3n, 2021), de <strong>Vicente Luis Mora<\/strong>. Publicada originalmente en <a href=\"https:\/\/www.revistaotraparte.com\/ensayo-teoria\/la-escritura-a-la-intemperie\/\">Otra Parte<\/a>, el 16 de septiembre de 2021.<\/p>\n","protected":false},"excerpt":{"rendered":"<p>\u00abDesierto Sonoro\u00bb, cr\u00edtica de la novela de Valeria Luiselli (Sexto Piso, 2019) Publicada el 24-octubre-2019 en Otra Parte \u00abNeuros Aire\u00bb, cr\u00edtica del libro de Marc Caellas (Libros del Zorxal, 2020). Publicada el 12 de marzo<span class=\"more-button\"><a href=\"https:\/\/www.josedemontfort.com\/index.php\/critica-literaria\/\" class=\"more-link\">Seguir leyendo<span class=\"screen-reader-text\">CR\u00cdTICA LITERARIA<\/span><i class=\"fa fa-angle-right\" aria-hidden=\"true\"><\/i><\/a><\/span><\/p>\n","protected":false},"author":1,"featured_media":0,"parent":0,"menu_order":0,"comment_status":"closed","ping_status":"closed","template":"","meta":{"footnotes":""},"class_list":["post-117","page","type-page","status-publish","hentry"],"_links":{"self":[{"href":"https:\/\/www.josedemontfort.com\/index.php\/wp-json\/wp\/v2\/pages\/117","targetHints":{"allow":["GET"]}}],"collection":[{"href":"https:\/\/www.josedemontfort.com\/index.php\/wp-json\/wp\/v2\/pages"}],"about":[{"href":"https:\/\/www.josedemontfort.com\/index.php\/wp-json\/wp\/v2\/types\/page"}],"author":[{"embeddable":true,"href":"https:\/\/www.josedemontfort.com\/index.php\/wp-json\/wp\/v2\/users\/1"}],"replies":[{"embeddable":true,"href":"https:\/\/www.josedemontfort.com\/index.php\/wp-json\/wp\/v2\/comments?post=117"}],"version-history":[{"count":20,"href":"https:\/\/www.josedemontfort.com\/index.php\/wp-json\/wp\/v2\/pages\/117\/revisions"}],"predecessor-version":[{"id":395,"href":"https:\/\/www.josedemontfort.com\/index.php\/wp-json\/wp\/v2\/pages\/117\/revisions\/395"}],"wp:attachment":[{"href":"https:\/\/www.josedemontfort.com\/index.php\/wp-json\/wp\/v2\/media?parent=117"}],"curies":[{"name":"wp","href":"https:\/\/api.w.org\/{rel}","templated":true}]}}