{"id":15,"date":"2020-07-31T21:06:03","date_gmt":"2020-07-31T21:06:03","guid":{"rendered":"http:\/\/www.josedemontfort.com\/?page_id=15"},"modified":"2020-08-23T17:13:04","modified_gmt":"2020-08-23T17:13:04","slug":"blog","status":"publish","type":"page","link":"https:\/\/www.josedemontfort.com\/index.php\/blog\/","title":{"rendered":"Blog"},"content":{"rendered":"\n<p>EL TEJIDO DE LAS COSAS<\/p>\n\n\n\n<p><\/p>\n\n\n\n<p><strong>\u201cEl tejido de las cosas\u201d<\/strong> no es solo el t\u00edtulo del primer libro del m\u00fasico madrile\u00f1o <a href=\"https:\/\/www.mondosonoro.com\/autor\/lucas-vidaur\"><strong>Lucas Vidaur<\/strong><\/a> (Madrid, 1994), que ahora mismo presenta su disco debut <strong>\u201cTragedia Espa\u00f1ola\u201d<\/strong>, con su proyecto <a href=\"https:\/\/www.mondosonoro.com\/artistas-musica\/confeti-de-odio\"><strong>Confeti de Odio<\/strong><\/a>, sino tambi\u00e9n una suerte de concepto talism\u00e1n que atraviesa todos los textos (breves) de este libro y permite diferentes significaciones del sintagma (a veces esquivas entre ellas). Esta <em>nouvelle<\/em> (134 p\u00e1ginas) nos muestra una serie de pedazos de una realidad hipertr\u00f3fica que tiene un aire a Mallarm\u00e9 y un aire tambi\u00e9n a Felisberto Hern\u00e1ndez.<\/p>\n\n\n\n<p>Sin embargo, hay dos libros m\u00e1s recientes, y de escritores espa\u00f1oles, con los que guarda un cierto parentesco de familiaridad: con <strong>\u201cEl estado natural de las cosas\u201d<\/strong> (Caballo de Troya, 16), de <strong>Alejandro Morell\u00f3n<\/strong> y <strong>\u201cAdi\u00f3s, buen domingo\u201d<\/strong>, de <strong>Daniel Trevi\u00f1o<\/strong> (Esto no es Berl\u00edn, 19). Con el primero comparte la idea de un concepto (Ehio, en Morell\u00f3n; aqu\u00ed el sintagma que da t\u00edtulo al libro <strong>\u201cEl tejido de las cosas\u201d<\/strong>) que toma m\u00faltiples significados y funcionalidades, pero tambi\u00e9n la inversi\u00f3n caprichosa de las reglas f\u00edsicas del mundo; en el caso de Morell\u00f3n m\u00e1s bien del lado del materialismo especulativo y aqu\u00ed con mayor predisposici\u00f3n hacia una suerte de metaf\u00edsica absurda. Por su parte, con Trevi\u00f1o comparte la fe en el desastre, una propensi\u00f3n nihilista y el fetichismo de los objetos, adem\u00e1s de un \u00fanico protagonista que no acaba de ser capaz de acomodarse al mundo que le rodea.<\/p>\n\n\n\n<p>Tiene raz\u00f3n Jos\u00e9 Sanz, cuando en el pr\u00f3logo (Carta de recomendaci\u00f3n, en realidad, incluida al principio del libro) afirma que, leyendo este texto, se tiene la sensaci\u00f3n de que \u201ccualquier soporte de los que hay hoy d\u00eda ralentiza la velocidad a la que nuestra cabeza pretende conocer y asimilar <strong>\u2018El tejido de las cosas\u2019<\/strong>\u201d. Porque la velocidad espitosa de estos textos (y m\u00e1s en un sentido conceptual que no del propio ritmo de la prosa) es trepidante; y urgente. En esto, los textos funcionan como breves estampas, historietas desordenadas o estados mentales. E igual que muchas de las primeras composiciones de Confeti de Odio, deambulan por las extravagancias del amor propio.<\/p>\n\n\n\n<p>Hay en esta compilaci\u00f3n de treinta y cinco textos mucho juego aliterativo, anaf\u00f3rico. Se juega con una suerte de surrealismo de la acumulaci\u00f3n que gusta enormemente de las siglas, la abstracci\u00f3n sideral y los golpes de efecto. Lo resumir\u00eda diciendo que \u201cEl tejido de las cosas\u201d est\u00e1 gobernado por un pesimismo gracioso que se genera por culpa de una forzada heroicidad carente de sentido. Otro de los rasgos de estilo de estos textos es la antropomorfizaci\u00f3n no solo de los animales sino de cosas, pensamientos, ideas y sensaciones. Textos encadenados menos por la trama que por asociaciones (o posibles proyecciones) mentales del narrador, un socorrista que nos cuenta (en un orden bastante arbitrario) las muchas cosas que le sucedieron trabajando en la piscina del C.D.S.M (Club Deportivo de la Sombra Misericordiosa). En definitiva, el magn\u00edfico debut literario de esta promesa del underground patrio.<\/p>\n","protected":false},"excerpt":{"rendered":"<p>EL TEJIDO DE LAS COSAS \u201cEl tejido de las cosas\u201d no es solo el t\u00edtulo del primer libro del m\u00fasico madrile\u00f1o Lucas Vidaur (Madrid, 1994), que ahora mismo presenta su disco debut \u201cTragedia Espa\u00f1ola\u201d, con<span class=\"more-button\"><a href=\"https:\/\/www.josedemontfort.com\/index.php\/blog\/\" class=\"more-link\">Seguir leyendo<span class=\"screen-reader-text\">Blog<\/span><i class=\"fa fa-angle-right\" aria-hidden=\"true\"><\/i><\/a><\/span><\/p>\n","protected":false},"author":1,"featured_media":0,"parent":0,"menu_order":0,"comment_status":"closed","ping_status":"closed","template":"","meta":{"footnotes":""},"class_list":["post-15","page","type-page","status-publish","hentry"],"_links":{"self":[{"href":"https:\/\/www.josedemontfort.com\/index.php\/wp-json\/wp\/v2\/pages\/15","targetHints":{"allow":["GET"]}}],"collection":[{"href":"https:\/\/www.josedemontfort.com\/index.php\/wp-json\/wp\/v2\/pages"}],"about":[{"href":"https:\/\/www.josedemontfort.com\/index.php\/wp-json\/wp\/v2\/types\/page"}],"author":[{"embeddable":true,"href":"https:\/\/www.josedemontfort.com\/index.php\/wp-json\/wp\/v2\/users\/1"}],"replies":[{"embeddable":true,"href":"https:\/\/www.josedemontfort.com\/index.php\/wp-json\/wp\/v2\/comments?post=15"}],"version-history":[{"count":2,"href":"https:\/\/www.josedemontfort.com\/index.php\/wp-json\/wp\/v2\/pages\/15\/revisions"}],"predecessor-version":[{"id":149,"href":"https:\/\/www.josedemontfort.com\/index.php\/wp-json\/wp\/v2\/pages\/15\/revisions\/149"}],"wp:attachment":[{"href":"https:\/\/www.josedemontfort.com\/index.php\/wp-json\/wp\/v2\/media?parent=15"}],"curies":[{"name":"wp","href":"https:\/\/api.w.org\/{rel}","templated":true}]}}