{"id":171,"date":"2020-11-18T12:47:45","date_gmt":"2020-11-18T12:47:45","guid":{"rendered":"http:\/\/www.josedemontfort.com\/?page_id=171"},"modified":"2020-11-18T12:49:02","modified_gmt":"2020-11-18T12:49:02","slug":"ping-pong-el-podcast","status":"publish","type":"page","link":"https:\/\/www.josedemontfort.com\/index.php\/ping-pong-el-podcast\/","title":{"rendered":"PING PONG &#8211; EL PODCAST"},"content":{"rendered":"\n<p>De Duitama a Barcelona. Un podcast dial\u00e9ctico al modo del ping pong. Notas de voz de whatsapp transoce\u00e1nicas sobre arte, literatura y la vida contempor\u00e1nea entre Jos\u00e9 de Montfort y Dar\u00edo Rodr\u00edguez.<\/p>\n\n\n\n<p><a href=\"https:\/\/www.ivoox.com\/podcast-jose-montfort_sq_f1711601_1.html\">https:\/\/www.ivoox.com\/podcast-jose-montfort_sq_f1711601_1.html<\/a><\/p>\n","protected":false},"excerpt":{"rendered":"<p>De Duitama a Barcelona. Un podcast dial\u00e9ctico al modo del ping pong. Notas de voz de whatsapp transoce\u00e1nicas sobre arte, literatura y la vida contempor\u00e1nea entre Jos\u00e9 de Montfort y Dar\u00edo Rodr\u00edguez. https:\/\/www.ivoox.com\/podcast-jose-montfort_sq_f1711601_1.html<\/p>\n","protected":false},"author":1,"featured_media":0,"parent":0,"menu_order":0,"comment_status":"closed","ping_status":"closed","template":"","meta":{"footnotes":""},"class_list":["post-171","page","type-page","status-publish","hentry"],"_links":{"self":[{"href":"https:\/\/www.josedemontfort.com\/index.php\/wp-json\/wp\/v2\/pages\/171","targetHints":{"allow":["GET"]}}],"collection":[{"href":"https:\/\/www.josedemontfort.com\/index.php\/wp-json\/wp\/v2\/pages"}],"about":[{"href":"https:\/\/www.josedemontfort.com\/index.php\/wp-json\/wp\/v2\/types\/page"}],"author":[{"embeddable":true,"href":"https:\/\/www.josedemontfort.com\/index.php\/wp-json\/wp\/v2\/users\/1"}],"replies":[{"embeddable":true,"href":"https:\/\/www.josedemontfort.com\/index.php\/wp-json\/wp\/v2\/comments?post=171"}],"version-history":[{"count":2,"href":"https:\/\/www.josedemontfort.com\/index.php\/wp-json\/wp\/v2\/pages\/171\/revisions"}],"predecessor-version":[{"id":176,"href":"https:\/\/www.josedemontfort.com\/index.php\/wp-json\/wp\/v2\/pages\/171\/revisions\/176"}],"wp:attachment":[{"href":"https:\/\/www.josedemontfort.com\/index.php\/wp-json\/wp\/v2\/media?parent=171"}],"curies":[{"name":"wp","href":"https:\/\/api.w.org\/{rel}","templated":true}]}}