{"id":226,"date":"2020-12-22T00:36:14","date_gmt":"2020-12-22T00:36:14","guid":{"rendered":"http:\/\/www.josedemontfort.com\/?page_id=226"},"modified":"2020-12-22T00:36:14","modified_gmt":"2020-12-22T00:36:14","slug":"226-2","status":"publish","type":"page","link":"https:\/\/www.josedemontfort.com\/index.php\/226-2\/","title":{"rendered":""},"content":{"rendered":"\n<p>Balmoral. Loquillo, por un instante, la eternidad.<\/p>\n\n\n\n<h3 class=\"wp-block-heading\">Una historia de supervivencia (emocional y art\u00edstica)<\/h3>\n\n\n\n<p>Hay dos vectores importantes que marcan el definitivo inter\u00e9s que tiene este libro y su trascendencia: la estructura secuencial, que sirve para contextualizar el disco y su relevancia y la cantidad y profusi\u00f3n de declaraciones recogidas de primera mano de los principales implicados en el mismo. No es menos cierto, sin embargo, que ambas cuestiones, al estar relacionadas, esto es, dado el hecho de que los autores del disco saben de la importancia del mismo y, dado que las declaraciones se recogieron este mismo a\u00f1o (doce a\u00f1os despu\u00e9s de la publicaci\u00f3n del \u00e1lbum), debemos ser indulgentes con ese cierto sesgo de la memoria del recuerdo; incluso es esperable. Esto es: recuerdos condicionados a la historia (victoriosa) de un proyecto que (ahora ya) se sabe exitoso.<\/p>\n\n\n\n<div class=\"wp-block-image\"><figure class=\"aligncenter\"><img decoding=\"async\" src=\"https:\/\/www.mondosonoro.com\/wp-content\/uploads\/2020\/12\/loquillo-balmoral-libro.jpg\" alt=\"\" class=\"wp-image-319390\"\/><\/figure><\/div>\n\n\n\n<p>Pero es lo que siempre pasa y no deber\u00edamos alarmarnos m\u00e1s sobre el asunto. Hecha esta puntualizaci\u00f3n, vayamos con el libro.<\/p>\n\n\n\n<p>Qu\u00e9 duda cabe que ya <a href=\"https:\/\/www.mondosonoro.com\/artistas-musica\/loquillo\/\"><strong>Loquillo<\/strong><\/a> es leyenda viva del panorama rockero patrio. Pero esto pod\u00eda haberse quedado en nostalgia, y no. Es precisamente lo que reivindica este libro, la posibilidad real de un artista de rock de convertirse en un artista adulto, que pone en valor una carrera de aquel que ha sido capaz de progresar y moverse hacia el futuro, manteniendo la integridad unida a una visi\u00f3n nueva, acorde a los tiempos y a la edad del int\u00e9rprete. El Loco pudo haberse quedado en un artista reincidente del rock, aferr\u00e1ndose al pasado y siguiendo el retrato robot de un \u201crockero de manual\u201d, pero quer\u00eda m\u00e1s. Porque (y esto es lo que aprendi\u00f3 Loquillo) se puede ser mucho m\u00e1s salvaje sin tener que gritar tanto. La brutalidad, en ocasiones, adquiere los tintes m\u00e1s suaves, m\u00e1s elegantes. Menos obvios. El estereotipo es f\u00fatil, inane: hueco.<\/p>\n\n\n\n<p>Loquillo cultiva en <strong>\u201cBalmoral\u201d<\/strong> (2008) las mezclas aparentemente antag\u00f3nicas de las que siempre fue garante. El tipo de la buena planta y el mucho carisma se dedica a modular mejor su voz, a contenerse m\u00e1s. Pero a ser m\u00e1s efectivo y punzante. Pellizca y aprieta y emociona m\u00e1s, porque ha aprendido que el pu\u00f1etazo no es el camino m\u00e1s directo al coraz\u00f3n; contra una industria que pretend\u00eda domesticarlo, se erige orgulloso y decidido, creyente en s\u00ed mismo. Loquillo lo resume as\u00ed, rescatando la arrogancia que le sirvi\u00f3 para hacer frente a las adversidades desde los noventa: <em>\u201cYo contra el mundo. Era mucho pundonor, mucha actitud, mucho saber que estaba frente a todos y contra todos\u201d<\/em>. Pura supervivencia (emocional y art\u00edstica).<\/p>\n\n\n\n<figure class=\"wp-block-embed-youtube wp-block-embed is-type-rich is-provider-gestor-del-servicio wp-embed-aspect-4-3 wp-has-aspect-ratio\"><div class=\"wp-block-embed__wrapper\">\n<iframe loading=\"lazy\" title=\"Loquillo - Cruzando El Paraiso (Videoclip oficial)\" width=\"940\" height=\"705\" src=\"https:\/\/www.youtube.com\/embed\/WAqyV4NIgGw?feature=oembed\" frameborder=\"0\" allow=\"accelerometer; autoplay; clipboard-write; encrypted-media; gyroscope; picture-in-picture; web-share\" referrerpolicy=\"strict-origin-when-cross-origin\" allowfullscreen><\/iframe>\n<\/div><\/figure>\n\n\n\n<h3 class=\"wp-block-heading\">Hagamos un poco de historia<\/h3>\n\n\n\n<p><a href=\"https:\/\/www.mondosonoro.com\/artistas-musica\/loquillo\/\"><strong>Loquillo<\/strong><\/a> ven\u00eda de la repercusi\u00f3n popular de <strong>\u201cFeo fuerte y formal\u201d<\/strong> (2001), un punto de inflexi\u00f3n, despu\u00e9s de la traves\u00eda del desierto de los noventa, con los Troglos. Un disco que hab\u00eda tra\u00eddo un buen hit y que los volvi\u00f3 a situar en el circuito de las giras importantes. En este momento, y como cuenta Javier Escorzo, Loquillo <em>\u201cestaba luchando por recuperar su sitio en el rock espa\u00f1ol\u201d<\/em>. Hab\u00eda triunfado en los ochenta y quer\u00eda recuperar de nuevo ese \u00e9xito. Se puede decir que el punto de giro o el germen para todo lo que habr\u00eda de pasar y que habr\u00eda de cristalizar en <strong>\u201cBalmoral\u201d<\/strong> sucedi\u00f3 el 15 de junio de 2003, en el concierto que Johnny Hallyday dio en Par\u00eds para celebrar su sesenta cumplea\u00f1os. All\u00ed estaban Loquillo e Igor Pascual. Recuerda Igor: <em>\u201cEse concierto fue esencial. Nos dio la gu\u00eda, ah\u00ed vimos que se pod\u00eda hacer lo que pretend\u00edamos<\/em> [\u2026] <em>Le dimos muchas vueltas a ese concierto\u201d<\/em>.<\/p>\n\n\n\n<p>Ese mismo a\u00f1o (2004) se publica <strong>\u201cMujeres en pie de guerra\u201d<\/strong>, banda sonora documental del mismo nombre, de Susana Koska. En 2006 se publica <strong>\u201cHermanos de sangre\u201d<\/strong>, un concierto en directo en Bilbao. El disco recog\u00eda dos conciertos: uno con diez mil personas en el BEC de Bilbao y un segundo concierto, ac\u00fastico, en la sala La Rulot de Barcelona. Despu\u00e9s de esto, ya <strong>\u201cBalmoral\u201d<\/strong> fue la confirmaci\u00f3n. Pero antes falta(ba) aun la minigira con <a href=\"https:\/\/www.mondosonoro.com\/artistas-musica\/the-rolling-stones\/\">The Rolling Stones<\/a>. Dice sobre esto Loquillo:<em> \u201cFue un momento de encuentro brutal entre la experiencia y la energ\u00eda juvenil\u201d<\/em>. Jaime Stinus entr\u00f3 a formar parte como guitarrista en la banda. Y ah\u00ed el Loco tom\u00f3 una decisi\u00f3n: no deshacer los Troglos, sino irse \u00e9l. El 28 de junio de 2007, en los camerinos del Vicente Calder\u00f3n, Loquillo deja a los Trogloditas. En sus propias palabras: <em>\u201cVolv\u00ed a recuperar el amor propio, que era algo que ten\u00eda bastante perdido, y tom\u00e9 las riendas\u201d.<\/em><\/p>\n\n\n\n<figure class=\"wp-block-embed-youtube wp-block-embed is-type-rich is-provider-gestor-del-servicio wp-embed-aspect-4-3 wp-has-aspect-ratio\"><div class=\"wp-block-embed__wrapper\">\n<iframe loading=\"lazy\" title=\"Loquillo - Sol (Video clip)\" width=\"940\" height=\"705\" src=\"https:\/\/www.youtube.com\/embed\/2Iwc7FkixJs?feature=oembed\" frameborder=\"0\" allow=\"accelerometer; autoplay; clipboard-write; encrypted-media; gyroscope; picture-in-picture; web-share\" referrerpolicy=\"strict-origin-when-cross-origin\" allowfullscreen><\/iframe>\n<\/div><\/figure>\n\n\n\n<h3 class=\"wp-block-heading\">El cronista de un mundo que desaparece<\/h3>\n\n\n\n<p><strong>\u201cBalmoral\u201d<\/strong> tard\u00f3 mucho en hacerse y concebirse. <a href=\"https:\/\/www.mondosonoro.com\/artistas-musica\/loquillo\/\"><strong>Loquillo<\/strong><\/a> trabaja mucho con conceptos, mantiene muchas reuniones previas y se manejan muchas referencias para dar con cada una de las canciones. La clave es el hecho cinematogr\u00e1fico. Dice el Loco:<em> \u201cYo siempre pienso en una pel\u00edcula cuando escribo<\/em> [\u2026] <em>Me gusta transmitir referencias\u201d<\/em>. As\u00ed, el proceso dur\u00f3 en total casi dos a\u00f1os y medio. El punto de partida era la creaci\u00f3n de un personaje dandy, <em>\u201ccanalla, elegante, pendenciero, chulo, pero a la vez aquel tipo en el que puedes confiar\u201d,<\/em> confirma el cantante barcelon\u00e9s. Quer\u00eda que fuese una declaraci\u00f3n de principios. Pero para darle un contenido consecuente y cerrado al disco, esto es, para que el \u00e1lbum comenzase a coger forma, fue importante el hallazgo de un s\u00edmbolo fuerte que sirviese de contexto y ayudase a la construcci\u00f3n de un cierto ambiente emocional. Loquillo lo encontr\u00f3 en el cierre en 2006 del m\u00edtico bar Balmoral, en su esp\u00edritu elegante y fin de si\u00e8cle. Con su vitola de mundo que desaparece. Loquillo lo hab\u00eda frecuentado t\u00edmidamente en los ochenta, para hacerse cliente asiduo una d\u00e9cada despu\u00e9s.<\/p>\n\n\n\n<p>Balmoral era un bar del barrio de Salamanca de Madrid, en la calle Hermosilla, a pocos metros de Serrano. Dice de \u00e9l Loquillo: <em>\u201cEra el sitio m\u00e1s rancio del mundo, pero ten\u00eda una magia especial por la gente que se juntaba all\u00ed\u201d<\/em>. Era un bar\/cocteler\u00eda donde no se pon\u00eda m\u00fasica; solo se hablaba. Un espacio \u00edntimo.<\/p>\n\n\n\n<p>En el disco, <a href=\"https:\/\/www.mondosonoro.com\/artistas-musica\/loquillo\/\"><strong>Loquillo<\/strong><\/a> quer\u00eda unir de una vez por todas el rock con las otras vertientes que, hasta entonces, hab\u00eda trabajado de manera independiente. Buscaba, adem\u00e1s, influencias adultas (Kris Kristofferson, Brian Ferry, Iggy Pop). Quer\u00eda una voz m\u00e1s de crooner, quer\u00eda adoptar la voz suave del chansonier. As\u00ed lo cuenta Escorzo: \u201c[Loquillo]<em> ten\u00eda la intenci\u00f3n de que su propio nombre art\u00edstico se convirtiese en un t\u00e9rmino que no solo se designase a \u00e9l, sino que englobase a todo el proyecto, a un conjunto de personas que trabajaban juntos en pos de una idea com\u00fan\u201d.<\/em> De ah\u00ed la importancia de este libro, pues nos permite ver la forma de trabajo del Loco, c\u00f3mo parte de una idea, la va desarrollando a base de conceptos visuales y de referencias m\u00faltiples y luego se lo entrega a sus compositores (Igor Pascual, Gabriel Sope\u00f1a, Jaime Stinus, Carlos Segarra, Sabino M\u00e9ndez) para que le den forma sonora. <strong>\u201cBalmoral\u201d<\/strong> hace bueno el dicho de que muchas cabezas juntas con un objetivo com\u00fan piensan mejor que una sola.<\/p>\n\n\n\n<p><strong>\u201cBalmoral\u201d<\/strong> fue un disco de muchos descartes. Un disco de productor, muy de estudio. Conceptual. Jaime Stinus hizo un trabajo por capas. El proceso de grabaci\u00f3n fue anal\u00f3gico, pero acababa en un disco duro. Fue muy importante, adem\u00e1s, para Loquillo, en este disco, tener de su lado a la industria. Y aqu\u00ed fue fundamental la complicidad de David Bonilla, el hombre en DRO. Gracias a ello, Loquillo volv\u00eda a tener a su disposici\u00f3n una discogr\u00e1fica potente, con toda la fuerza de su maquinaria y sus diversos engranajes, <em>\u201calgo imprescindible cuando un artista quiere conquistar la cima\u201d<\/em>, escribe Escorzo.<\/p>\n\n\n\n<figure class=\"wp-block-embed-youtube wp-block-embed is-type-rich is-provider-gestor-del-servicio wp-embed-aspect-4-3 wp-has-aspect-ratio\"><div class=\"wp-block-embed__wrapper\">\n<iframe loading=\"lazy\" title=\"Loquillo - Memoria de jovenes airados (Video clip)\" width=\"940\" height=\"705\" src=\"https:\/\/www.youtube.com\/embed\/MWDYhdcbEOg?feature=oembed\" frameborder=\"0\" allow=\"accelerometer; autoplay; clipboard-write; encrypted-media; gyroscope; picture-in-picture; web-share\" referrerpolicy=\"strict-origin-when-cross-origin\" allowfullscreen><\/iframe>\n<\/div><\/figure>\n\n\n\n<h3 class=\"wp-block-heading\">El disco<\/h3>\n\n\n\n<p><em>\u201cBalmoral\u201d,<\/em> la canci\u00f3n que abre el disco, es una composici\u00f3n de Sabino M\u00e9ndez. Cabe destacar que es la primera vez que el Loco interpretaba una composici\u00f3n nueva de Sabino desde 1988, a\u00f1o en el que se public\u00f3 <strong>\u201cMorir en primavera\u201d<\/strong>. El tema est\u00e1 trazado en base a recuerdos borrosos de los ochenta. Luego le sigue <em>\u201cMemoria de j\u00f3venes airados\u201d<\/em>, un himno compuesto por Loquillo, Susana Koska e Igor Pascual, una referencia al free cinema. Como curiosidad se puede decir que esta canci\u00f3n iba a dar t\u00edtulo al disco.<\/p>\n\n\n\n<p>Contin\u00faa con <em>\u201cL\u00ednea clara\u201d<\/em>, un homenaje a la l\u00ednea clara del c\u00f3mic, ese estilo que <em>\u201cse caracterizaba por su claridad, tanto en su dibujo como en su guion\u201d<\/em>; idea que servir\u00eda de motto para todo el disco, pues, como reconoce Gabriel Sope\u00f1a, es la idea que tanto \u00e9l como Loquillo m\u00e1s repet\u00edan para definir el concepto del disco en el que estaban trabajando. En palabras de Luis Alberto de Cuenca,<em> \u201cla l\u00ednea clara es un tipo de dibujo con un trazo muy firme, con contornos muy bien definidos, con colores planos, sin matices, nada de expresionismos, todo muy pop\u201d<\/em>.<\/p>\n\n\n\n<p>El disco sigue con <em>\u201cSol\u201d<\/em>, la segunda composici\u00f3n de Sabino para este disco. Era una canci\u00f3n que ya ten\u00eda algunos a\u00f1os y quiz\u00e1 sea eso lo que provoque que sea la canci\u00f3n m\u00e1s sorpresiva del disco, pero tambi\u00e9n la m\u00e1s desconcertante, por sus ciertos elementos de m\u00fasica de baile<\/p>\n\n\n\n<p><em>\u201cHotel Palafox\u201d<\/em> se trabaj\u00f3 sobre un exquisito vals de Igor Pascual. Hace referencia al hotel de Zaragoza donde sol\u00eda alojarse Loquillo y donde vivi\u00f3 noches memorables. En <em>\u201cVintage\u201d<\/em> Loquillo volv\u00eda a ejercer de crooner. Y se aborda aqu\u00ed uno de los temas fundamentales del disco: <em>\u201cel de todo aquel mundo que desaparec\u00eda ante sus ojos\u201d<\/em>. <em>\u201cCruzando el para\u00edso\u201d<\/em> era el segundo himno del disco. Una canci\u00f3n de tipo adulto, inspirada en Sam Shepard. Una canci\u00f3n con voluntad de eslogan. Johnny Hallyday participa en la canci\u00f3n y, como confiesa David Bonilla, de DRO, fue complicad\u00edsimo convencerle. A mediados de febrero de 2008, Jaime, el Loco y Dani el Rojo viajaron a Par\u00eds a grabar junto a la estrella francesa, en el Omega Studio. Como confiesa Loquillo, \u201c<em>aquello fue un sue\u00f1o\u201d<\/em>. La canci\u00f3n fue el primer single del disco. Despu\u00e9s de esta canci\u00f3n llega <em>\u201cLa vida es de los que arriesgan\u201d<\/em>, una composici\u00f3n de Gabriel Sope\u00f1a y el letrista Juan Mari Montes, uno de los m\u00e1s reputados del panorama nacional.<\/p>\n\n\n\n<p><em>\u201cLa belle dame sans merci\u201d<\/em> se inspira en el poema original de Alain Chartier, de 1424, por v\u00eda de la balada de Keats del mismo t\u00edtulo (y de 1819). En el poema de Keats, un caballero andante, tras caer rendido a ante los encantos de una misteriosa dama, vagaba por los caminos fatigado y demacrado. La canci\u00f3n ten\u00eda un marcado acento folk. El texto de la canci\u00f3n fue presentado a varios de los compositores de Loquillo y \u00e9ste finalmente escogi\u00f3 la versi\u00f3n musicada que m\u00e1s le gust\u00f3, la de Igor Pascual, que Jaime Stinus decor\u00f3 con aires irlandeses.<\/p>\n\n\n\n<p><em>\u201cSoy una c\u00e1mara\u201d<\/em> estaba inspirada en la pel\u00edcula de t\u00edtulo hom\u00f3nimo dirigida por Henry Cirnelius, en 1955. Loquillo le pas\u00f3 el texto a Carlos Segarra y este le dio un toque swing. Se trata de una canci\u00f3n alegre, vivaz. La siguiente del disco es<em> \u201cCanci\u00f3n del valor\u201d<\/em>, que ya hab\u00eda sido incluida en su anterior \u00e1lbum, <strong>\u201cHermanos de sangre\u201d<\/strong>. Y \u00e9se mismo es el t\u00edtulo del siguiente tema, de car\u00e1cter \u00e9pico. Canci\u00f3n que le sirve a Loquillo para exponer<em> \u201cparte de su filosof\u00eda de vida\u201d<\/em>, desplegando una serie de valores, <em>\u201cde un tiempo a esta parte ca\u00eddos en desuso, pero absolutamente vigentes para \u00e9l: la amistad, el honor. La lealtad\u201d.<\/em> En las \u00faltimas estrofas de la canci\u00f3n el Loco forzaba su voz como en ning\u00fan otro momento del disco.<\/p>\n\n\n\n<p>Finalmente, el disco se cierra con <em>\u201cBalmoral 2\u201d<\/em>, con letra de Luis Alberto de Cuenca y m\u00fasica de Jaime Urrutia. Ambos reputados creadores, habituales del Balmoral y grandes amigos del Loco. Al tema, Stinus le dio una sensaci\u00f3n como de horizonte lejano, poni\u00e9ndole tr\u00e9molo. Como si fuesen frases que se quedan colgadas. Seg\u00fan ha confesado el propio Stinus: <em>\u201cTen\u00eda mucho que ver con el momento que estaba viviendo el Loco, el principio y el final de algo. Era el final de los Troglos y el principio de una nueva etapa\u201d.<\/em><\/p>\n\n\n\n<p>En este disco cambia la forma de cantar del Loco. <em>\u201cA veces susurraba, a veces buscaba los tonos m\u00e1s graves, a veces recitaba y a veces, por supuesto, sabia mostrarse en\u00e9rgica y decidida<\/em> [su voz]<em>, pero siempre manteni\u00e9ndose dentro de unos elevados par\u00e1metros de elegancia\u201d<\/em>, escribe Escorzo, quien calcula que para este disco se manejaron unas cuarenta o cincuenta canciones. Entre las canciones que quedaron fuera, est\u00e1n tambi\u00e9n las que no pudieron ser: una letra muy especial que le dio para el disco Jorge Berlanga a <a href=\"https:\/\/www.mondosonoro.com\/artistas-musica\/loquillo\/\"><strong>Loquillo<\/strong><\/a> poco antes de morir, y que permanece aun sin m\u00fasica.<\/p>\n\n\n\n<figure class=\"wp-block-embed-youtube wp-block-embed is-type-rich is-provider-gestor-del-servicio wp-embed-aspect-4-3 wp-has-aspect-ratio\"><div class=\"wp-block-embed__wrapper\">\n<iframe loading=\"lazy\" title=\"Loquillo - Linea clara (Video clip)\" width=\"940\" height=\"705\" src=\"https:\/\/www.youtube.com\/embed\/jXXp5swvC4o?feature=oembed\" frameborder=\"0\" allow=\"accelerometer; autoplay; clipboard-write; encrypted-media; gyroscope; picture-in-picture; web-share\" referrerpolicy=\"strict-origin-when-cross-origin\" allowfullscreen><\/iframe>\n<\/div><\/figure>\n\n\n\n<h3 class=\"wp-block-heading\">Ediciones, videoclips y documentales de y sobre Balmoral<\/h3>\n\n\n\n<p><strong>\u201cBalmoral\u201d<\/strong> vio la luz el 08 de abril de 2008. El entusiasmo frente al disco fue un\u00e1nime. Pronto se comenz\u00f3 a notar una renovaci\u00f3n absoluta del p\u00fablico. Incluso fue nominado al Grammy Latino en la categor\u00eda de mejor \u00e1lbum de rock vocal. Seg\u00fan Jaime Stinus, \u201c<strong>Balmoral\u201d<\/strong> es, junto a A por ellos, uno de los discos cl\u00e1sicos en la carrera del Loco. Un disco de madurez. Un \u00e1lbum casi crepuscular.<\/p>\n\n\n\n<p>Se hicieron cuatro videoclips (<em>\u201cCruzando el para\u00edso\u201d, \u201cSol\u201d, \u201cMemoria de j\u00f3venes airados\u201d y \u201cL\u00ednea clara\u201d<\/em>). Se publicaron dos ediciones distintas de <strong>\u201cBalmoral\u201d<\/strong>. La normal y una especial, en edici\u00f3n limitada, que tra\u00eda un segundo CD con otras tres canciones (<em>\u201cEl creyente\u201d, \u201cTatuados\u201d y Cruzando el para\u00edso\u201d<\/em>, pero cantada solo por Loquillo). Para acompa\u00f1ar la gira americana, en Argentina y en Per\u00fa se edit\u00f3 otra edici\u00f3n especial. En esta, el dueto de <em>\u201cCruzando el para\u00edso\u201d<\/em>, Loquillo lo comparti\u00f3 con <a href=\"https:\/\/www.mondosonoro.com\/artistas-musica\/andres-calamaro\/\">Andr\u00e9s Calamaro<\/a>. Posteriormente, el 17 de marzo de 2009, se public\u00f3 una tercera edici\u00f3n, tambi\u00e9n limitada, que inclu\u00eda el disco con las trece canciones, pero con la versi\u00f3n de <em>\u201cCruzando el para\u00edso\u201d<\/em> a d\u00fao con Calamaro y dos bonus tracks (<em>\u201cCruzando el para\u00edso\u201d<\/em>, con Johnny Hallyday y una de las remezclas de <em>\u201cSol\u201d<\/em>). Tambi\u00e9n inclu\u00eda un DVD con el concierto que Loquillo y su banda ofrecieron en \u201cLos directos de Radio 3\u201d, un par de documentales (<em>\u201cUn antes y un despu\u00e9s\u201d<\/em>, sobre la grabaci\u00f3n del disco y dirigido por Mario Vi\u00f1uela, y <em>\u201cLos \u00faltimos d\u00edas de Balmoral\u201d<\/em>, dirigido por Susana Koska), m\u00e1s los cuatro clips. Finalmente, el 9 de septiembre de 2014, se public\u00f3 el \u00e1lbum en formato de doble vinilo.<\/p>\n\n\n\n<p>Al poco tiempo de comenzada la gira (gestionada por la empresa Get In), <a href=\"https:\/\/www.mondosonoro.com\/artistas-musica\/loquillo\/\"><strong>Loquillo<\/strong><\/a> cre\u00f3 su propia agencia de management, Big Star. Y como dice quien fuese su bajista en aquel momento, Laura G\u00f3mez Palma, <em>\u201ccon ese disco empezaba su carrera en solitario\u201d<\/em>. El resto ya es historia.<\/p>\n\n\n\n<p><\/p>\n\n\n\n<p>*Publicado originalmente en Mondo Sonoro el 22 de diciembre de 2020.<\/p>\n","protected":false},"excerpt":{"rendered":"<p>Balmoral. Loquillo, por un instante, la eternidad. Una historia de supervivencia (emocional y art\u00edstica) Hay dos vectores importantes que marcan el definitivo inter\u00e9s que tiene este libro y su trascendencia: la estructura secuencial, que sirve<span class=\"more-button\"><a href=\"https:\/\/www.josedemontfort.com\/index.php\/226-2\/\" class=\"more-link\">Seguir leyendo<span class=\"screen-reader-text\"><\/span><i class=\"fa fa-angle-right\" aria-hidden=\"true\"><\/i><\/a><\/span><\/p>\n","protected":false},"author":1,"featured_media":0,"parent":0,"menu_order":0,"comment_status":"closed","ping_status":"closed","template":"","meta":{"footnotes":""},"class_list":["post-226","page","type-page","status-publish","hentry"],"_links":{"self":[{"href":"https:\/\/www.josedemontfort.com\/index.php\/wp-json\/wp\/v2\/pages\/226","targetHints":{"allow":["GET"]}}],"collection":[{"href":"https:\/\/www.josedemontfort.com\/index.php\/wp-json\/wp\/v2\/pages"}],"about":[{"href":"https:\/\/www.josedemontfort.com\/index.php\/wp-json\/wp\/v2\/types\/page"}],"author":[{"embeddable":true,"href":"https:\/\/www.josedemontfort.com\/index.php\/wp-json\/wp\/v2\/users\/1"}],"replies":[{"embeddable":true,"href":"https:\/\/www.josedemontfort.com\/index.php\/wp-json\/wp\/v2\/comments?post=226"}],"version-history":[{"count":1,"href":"https:\/\/www.josedemontfort.com\/index.php\/wp-json\/wp\/v2\/pages\/226\/revisions"}],"predecessor-version":[{"id":232,"href":"https:\/\/www.josedemontfort.com\/index.php\/wp-json\/wp\/v2\/pages\/226\/revisions\/232"}],"wp:attachment":[{"href":"https:\/\/www.josedemontfort.com\/index.php\/wp-json\/wp\/v2\/media?parent=226"}],"curies":[{"name":"wp","href":"https:\/\/api.w.org\/{rel}","templated":true}]}}